{"id":6554,"date":"2026-04-14T18:41:17","date_gmt":"2026-04-14T18:41:17","guid":{"rendered":"https:\/\/www.fairydragonprints.com\/?post_type=product&#038;p=6554"},"modified":"2026-04-15T17:57:24","modified_gmt":"2026-04-15T17:57:24","slug":"poppy-y-hawke-standee","status":"publish","type":"product","link":"https:\/\/www.fairydragonprints.com\/en\/product\/poppy-y-hawke-standee\/","title":{"rendered":"Poppy y Hawke &#8211; Standee"},"content":{"rendered":"<ul>\n<li>Figura acr\u00edlica de metacrilato.<\/li>\n<li>Grosor 3mm y altura 15cm.<\/li>\n<li>Impresa en dos figuras verticales.<\/li>\n<li>Base Impresa a todo color.<\/li>\n<li>El color puede variar ligeramente con respecto a la fotograf\u00eda.<\/li>\n<\/ul>\n<p>Las figuras contienen una capa protectora para evitar ara\u00f1azos y rozaduras que hay que retirar antes de lucir en la estanter\u00eda.<\/p>","protected":false},"excerpt":{"rendered":"<p>D\u00e9jate seducir por este adorable standee que har\u00e1 de tus estanter\u00edas un lugar m\u00e1gico de ensue\u00f1o mostrando a los protagonistas de De Sangre y Cenizas en el famoso Bosque de Sangre.<\/p>\n<p>Standee de 15cm con base impresa y dos piezas veticales.<\/p>\n<p>OFFICIALLY LICENSED art created by\u00a0<a href=\"http:\/\/instagram.com\/gonzalom.art\" target=\"_blank\" rel=\"noopener\">@gonzalom.art<\/a>, inspirado en la saga FBAA de la autora Jennifer Armentrout.<\/p>","protected":false},"featured_media":6556,"comment_status":"open","ping_status":"closed","template":"","meta":[],"product_brand":[],"product_cat":[79,78],"product_tag":[137,146],"class_list":{"0":"post-6554","1":"product","2":"type-product","3":"status-publish","4":"has-post-thumbnail","6":"product_cat-de-sangre-y-cenizas","7":"product_cat-jennifer-l-armentrout","8":"product_tag-nopapel","9":"product_tag-standee","11":"first","12":"instock","13":"taxable","14":"shipping-taxable","15":"purchasable","16":"product-type-simple","17":"add-to-wishlist-before_image"},"_links":{"self":[{"href":"https:\/\/www.fairydragonprints.com\/en\/wp-json\/wp\/v2\/product\/6554","targetHints":{"allow":["GET"]}}],"collection":[{"href":"https:\/\/www.fairydragonprints.com\/en\/wp-json\/wp\/v2\/product"}],"about":[{"href":"https:\/\/www.fairydragonprints.com\/en\/wp-json\/wp\/v2\/types\/product"}],"replies":[{"embeddable":true,"href":"https:\/\/www.fairydragonprints.com\/en\/wp-json\/wp\/v2\/comments?post=6554"}],"wp:featuredmedia":[{"embeddable":true,"href":"https:\/\/www.fairydragonprints.com\/en\/wp-json\/wp\/v2\/media\/6556"}],"wp:attachment":[{"href":"https:\/\/www.fairydragonprints.com\/en\/wp-json\/wp\/v2\/media?parent=6554"}],"wp:term":[{"taxonomy":"product_brand","embeddable":true,"href":"https:\/\/www.fairydragonprints.com\/en\/wp-json\/wp\/v2\/product_brand?post=6554"},{"taxonomy":"product_cat","embeddable":true,"href":"https:\/\/www.fairydragonprints.com\/en\/wp-json\/wp\/v2\/product_cat?post=6554"},{"taxonomy":"product_tag","embeddable":true,"href":"https:\/\/www.fairydragonprints.com\/en\/wp-json\/wp\/v2\/product_tag?post=6554"}],"curies":[{"name":"wp","href":"https:\/\/api.w.org\/{rel}","templated":true}]}}