{"id":6552,"date":"2026-04-14T08:41:15","date_gmt":"2026-04-14T08:41:15","guid":{"rendered":"https:\/\/www.fairydragonprints.com\/?post_type=product&#038;p=6552"},"modified":"2026-04-16T12:58:32","modified_gmt":"2026-04-16T12:58:32","slug":"un-reino-de-carne-y-fuego-fbaa-set-de-overlays","status":"publish","type":"product","link":"https:\/\/www.fairydragonprints.com\/en\/product\/un-reino-de-carne-y-fuego-fbaa-set-de-overlays\/","title":{"rendered":"Un Reino de Carne y Fuego FBAA &#8211; Set de Overlays"},"content":{"rendered":"<ul>\n<li>Printed on high quality semi-transparent paper.<\/li>\n<li>Single - side print<\/li>\n<li>Se ajusta a las ediciones especiales de Espa\u00f1a, as\u00ed como tambi\u00e9n a la de USA y Reino Unido de tapa dura.<\/li>\n<li>Product is handcrafted, so there may be slight variations between one item and another.<\/li>\n<li>The color of the print may vary slightly from the photography.<\/li>\n<\/ul>\n<p>Medidas: 14,3 x 22,7 cms<\/p>\n<p>&nbsp;<\/p>\n<p>&nbsp;<\/p>","protected":false},"excerpt":{"rendered":"<p>OFFICIALLY LICENSED art created by <a href=\"http:\/\/instagram.com\/gonzalom.art\" target=\"_blank\" rel=\"noopener\">@gonzalom.art<\/a>, inspirado en la saga FBAA de la autora Jennifer Armentrout.<\/p>\n<p>The set contains 5 illustrations that represent scenes from the novel.<\/p>","protected":false},"featured_media":6560,"comment_status":"open","ping_status":"closed","template":"","meta":[],"product_brand":[],"product_cat":[79,78],"product_tag":[85,136],"class_list":{"0":"post-6552","1":"product","2":"type-product","3":"status-publish","4":"has-post-thumbnail","6":"product_cat-de-sangre-y-cenizas","7":"product_cat-jennifer-l-armentrout","8":"product_tag-overlays","9":"product_tag-papel","11":"first","12":"instock","13":"taxable","14":"shipping-taxable","15":"purchasable","16":"product-type-simple","17":"add-to-wishlist-before_image"},"_links":{"self":[{"href":"https:\/\/www.fairydragonprints.com\/en\/wp-json\/wp\/v2\/product\/6552","targetHints":{"allow":["GET"]}}],"collection":[{"href":"https:\/\/www.fairydragonprints.com\/en\/wp-json\/wp\/v2\/product"}],"about":[{"href":"https:\/\/www.fairydragonprints.com\/en\/wp-json\/wp\/v2\/types\/product"}],"replies":[{"embeddable":true,"href":"https:\/\/www.fairydragonprints.com\/en\/wp-json\/wp\/v2\/comments?post=6552"}],"wp:featuredmedia":[{"embeddable":true,"href":"https:\/\/www.fairydragonprints.com\/en\/wp-json\/wp\/v2\/media\/6560"}],"wp:attachment":[{"href":"https:\/\/www.fairydragonprints.com\/en\/wp-json\/wp\/v2\/media?parent=6552"}],"wp:term":[{"taxonomy":"product_brand","embeddable":true,"href":"https:\/\/www.fairydragonprints.com\/en\/wp-json\/wp\/v2\/product_brand?post=6552"},{"taxonomy":"product_cat","embeddable":true,"href":"https:\/\/www.fairydragonprints.com\/en\/wp-json\/wp\/v2\/product_cat?post=6552"},{"taxonomy":"product_tag","embeddable":true,"href":"https:\/\/www.fairydragonprints.com\/en\/wp-json\/wp\/v2\/product_tag?post=6552"}],"curies":[{"name":"wp","href":"https:\/\/api.w.org\/{rel}","templated":true}]}}