{"id":6446,"date":"2026-03-12T21:46:03","date_gmt":"2026-03-12T21:46:03","guid":{"rendered":"https:\/\/www.fairydragonprints.com\/?post_type=product&#038;p=6446"},"modified":"2026-04-14T22:33:24","modified_gmt":"2026-04-14T22:33:24","slug":"libro-fantasia-para-colorear","status":"publish","type":"product","link":"https:\/\/www.fairydragonprints.com\/en\/product\/libro-fantasia-para-colorear\/","title":{"rendered":"Libro Fantas\u00eda para Colorear- Pack con prints extra"},"content":{"rendered":"<p>Ad\u00e9ntrate en la fantas\u00eda de la mano de este libro ilustrado,\u00a0 50 dibujos \u00fanicos creados por <a href=\"https:\/\/www.instagram.com\/gonzalom.art\/\">@gonzalom.art<\/a><\/p>\n<p>Atr\u00e9vete a colorear y dar vida a faes y arqueras, asesinas vengativas, piratas en mares letales, vampiros y monjes, bufones enigm\u00e1ticos, brujos legendarios, princesas prometidas, pueblos inundados, guerreros exiliados, brujas y bardos, jinetes de dragones, magos, pasaespejos, grandes rivales&#8230; y mucho m\u00e1s.<\/p>\n<p>Deja volar tu imaginaci\u00f3n y transforma cada escena en una obra \u00fanica.<\/p>\n<p>\u2728 Ideal para amantes de la fantas\u00eda y el romantasy<br \/>\n\u2728 Perfecto para relajarte y estimular la creatividad<br \/>\n\u2728 Ilustraciones originales listas para colorear<\/p>\n<p>Adem\u00e1s, comprando el libro aqu\u00ed a trav\u00e9s de la web incluiremos 3 prints tama\u00f1o A5 exclusivos. Uno de ellos con una ilustraci\u00f3n a todo color y firmado, de uno de los dibujos que encontrar\u00e1s en el interior y 2 prints m\u00e1s con ilustraciones line art para que puedas hacer pruebas de coloreado y exponerlas despu\u00e9s en tus estanter\u00edas.<\/p>\n<p>FECHA DE PUBLICACI\u00d3N: 13 DE ABRIL<\/p>\n<p><strong>Caracter\u00edsticas del libro<\/strong><\/p>\n<ul>\n<li>Ilustraciones: 50<\/li>\n<li>Tama\u00f1o: 27&#215;21 cms<\/li>\n<li>P\u00e1ginas impresas a una cara para facilitar el coloreado<\/li>\n<li>Papel adecuado para l\u00e1pices de colores y rotuladores<\/li>\n<li>ISBN: 979-13-87690-20-5<\/li>\n<\/ul>","protected":false},"excerpt":{"rendered":"<p>Ad\u00e9ntrate en un mundo de magia, criaturas encantadas y romances fant\u00e1sticos coloreando las ilustraciones de <a href=\"https:\/\/www.instagram.com\/gonzalom.art\/\">@gonzalom.art\u00a0<\/a><\/p>\n<p>Cada p\u00e1gina est\u00e1 dise\u00f1ada para que puedas desconectar, relajarte y dar vida a estas escenas con tus propios colores.<\/p>\n<p>Adem\u00e1s, el libro incluye 3 l\u00e1minas exclusivas.<\/p>\n<p>Si eres fan de la fantas\u00eda y el romantasy, este es tu libro.<\/p>","protected":false},"featured_media":6456,"comment_status":"open","ping_status":"closed","template":"","meta":[],"product_brand":[],"product_cat":[18],"product_tag":[137],"class_list":{"0":"post-6446","1":"product","2":"type-product","3":"status-publish","4":"has-post-thumbnail","6":"product_cat-sin-categorizar","7":"product_tag-nopapel","9":"first","10":"instock","11":"taxable","12":"shipping-taxable","13":"purchasable","14":"product-type-simple","15":"add-to-wishlist-before_image"},"_links":{"self":[{"href":"https:\/\/www.fairydragonprints.com\/en\/wp-json\/wp\/v2\/product\/6446","targetHints":{"allow":["GET"]}}],"collection":[{"href":"https:\/\/www.fairydragonprints.com\/en\/wp-json\/wp\/v2\/product"}],"about":[{"href":"https:\/\/www.fairydragonprints.com\/en\/wp-json\/wp\/v2\/types\/product"}],"replies":[{"embeddable":true,"href":"https:\/\/www.fairydragonprints.com\/en\/wp-json\/wp\/v2\/comments?post=6446"}],"wp:featuredmedia":[{"embeddable":true,"href":"https:\/\/www.fairydragonprints.com\/en\/wp-json\/wp\/v2\/media\/6456"}],"wp:attachment":[{"href":"https:\/\/www.fairydragonprints.com\/en\/wp-json\/wp\/v2\/media?parent=6446"}],"wp:term":[{"taxonomy":"product_brand","embeddable":true,"href":"https:\/\/www.fairydragonprints.com\/en\/wp-json\/wp\/v2\/product_brand?post=6446"},{"taxonomy":"product_cat","embeddable":true,"href":"https:\/\/www.fairydragonprints.com\/en\/wp-json\/wp\/v2\/product_cat?post=6446"},{"taxonomy":"product_tag","embeddable":true,"href":"https:\/\/www.fairydragonprints.com\/en\/wp-json\/wp\/v2\/product_tag?post=6446"}],"curies":[{"name":"wp","href":"https:\/\/api.w.org\/{rel}","templated":true}]}}