{"id":6166,"date":"2026-01-19T09:22:49","date_gmt":"2026-01-19T09:22:49","guid":{"rendered":"https:\/\/www.fairydragonprints.com\/?post_type=product&#038;p=6166"},"modified":"2026-04-15T17:57:12","modified_gmt":"2026-04-15T17:57:12","slug":"caja-literaria-un-reino-de-carne-y-fuego","status":"publish","type":"product","link":"https:\/\/www.fairydragonprints.com\/en\/product\/caja-literaria-un-reino-de-carne-y-fuego\/","title":{"rendered":"Caja Literaria- Un Reino de Carne y Fuego"},"content":{"rendered":"<h3><span data-olk-copy-source=\"MessageBody\">\u00abDe Sangre y Cenizas resurgiremos\u00bb<\/span><\/h3>\n<p>Presentamos esta caja especial con productos literarios inspirados en Un Reino de Carne y Fuego, de la autora Jennifer L. Armentrout. En su interior encontrar\u00e1s una selecci\u00f3n de objetos pensados para quienes han sentido el peso del destino en cada cap\u00edtulo, creados para acompa\u00f1arte incluso cuando la historia se detiene\u2026 pero el mundo sigue latiendo.<\/p>\n<p data-start=\"716\" data-end=\"761\">No es solo una lectura.<br data-start=\"739\" data-end=\"742\" \/>Es una experiencia.<\/p>\n<p>In this box you can find:<\/p>\n<ul>\n<li><strong>LIBRO \u00abUN REINO DE CARNE Y FUEGO\u00bb EN EDICI\u00d3N ESPECIAL.<\/strong> Esta incre\u00edble edici\u00f3n, ilustrada en su totalidad por @gonzalom.art, es el sue\u00f1o de todo amante de la saga. Un art\u00edculo de colecci\u00f3n que se convertir\u00e1 en la joya de tu estanter\u00eda. Tapa dura con un precioso dise\u00f1o en portada y contraportada y detalles en stamping; cantos pintados y guardas con escenas ilustradas. Una edici\u00f3n que no podr\u00e1s dejar de admirar.<\/li>\n<\/ul>\n<p>&nbsp;<\/p>\n<ul>\n<li><strong>SEY OF OVERLAYS <\/strong>Un pack compuesto por 5 overlays que representan escenas destacadas del libro \u00abUn Reino de Carne y Fuego\u00bb para que puedas complementar tu lectura introduci\u00e9ndolas en el libro y hacer a\u00fan m\u00e1s m\u00e1gico ese momento de lectura. Incluye una tarjeta con las p\u00e1ginas exactas en las que se recomienda que coloques cada una de las overlays.<\/li>\n<\/ul>\n<p>&nbsp;<\/p>\n<ul>\n<li><strong>STANDEE ACR\u00cdLICO <\/strong>de 15 cm con un dise\u00f1o de Hawke y Poppy y un fondo representativo de la saga que har\u00e1 de tu estanter\u00edas un rinc\u00f3n \u00fanico y admirable. Impreso sobre metacrilato de 3mm combina dos piezas verticales para crear un dise\u00f1o original lleno de la magia y el dramatismo que identifica a la saga. Col\u00f3calo en tu rinc\u00f3n de lectura y deja que la magia, la tensi\u00f3n y el deseo sigan vivos mucho despu\u00e9s de cerrar el libro.<\/li>\n<\/ul>\n<div class=\"pointer-events-none h-px w-px absolute bottom-0\" aria-hidden=\"true\" data-edge=\"true\"><\/div>\n<div aria-hidden=\"true\" data-edge=\"true\"><\/div>\n<ul>\n<li><strong>TOTE BAG ALL OVER <\/strong> con cremallera hologr\u00e1fica y bolsillo interior para guardar tus pertenencias m\u00e1s preciadas. Impresa a ambas caras y de 40x40cm, har\u00e1 que puedas llevar contigo el universo de De Sangre y Cenizas en tu d\u00eda a d\u00eda.\u00a0 Dise\u00f1ado para quienes valoran tanto la est\u00e9tica como la funcionalidad.<\/li>\n<\/ul>\n<p>&nbsp;<\/p>\n<ul>\n<li><strong>UN PRINT EXCLUSIVO.<\/strong>\u00a0 Un print A5 de un dise\u00f1o exclusivo impreso en papel de 350gr, con acabado laminado ultramate y tacto suave que bloquea cualquier tipo de reflejo.<\/li>\n<\/ul>\n<p>&nbsp;<\/p>\n<h3>\u00abCon mi espada y con mi vida, juro mantenerte a salvo, Penellaphe.\u00bb<\/h3>\n<p><span style=\"font-size: 16px;\">\u00a0<\/span><\/p>\n<p><strong>IMPORTANTE<\/strong>:<\/p>\n<ul>\n<li>Debido a la fecha de publicaci\u00f3n del libro, est\u00e1s adquiriendo un producto en <strong>PREORDER<\/strong>, por tanto, las cajas no se enviar\u00e1n <strong>hasta Abril<\/strong>.<\/li>\n<li>\u00a0Si deseas comprar alg\u00fan otro art\u00edculo dentro del mismo pedido, no se enviar\u00e1 hasta Abril. Si deseas recibirlo antes, tendr\u00e1s que hacer otro pedido.<\/li>\n<li><strong>\u00a0No es posible a\u00f1adir m\u00e1s de una caja al pedido<\/strong>. De esta forma buscamos evitar las compras especulativas, haciendo que cada uno tenga la oportunidad de conseguir la suya.<\/li>\n<li>La caja solamente est\u00e1 disponible para <strong>env\u00edo dentro del territorio espa\u00f1ol.<\/strong><\/li>\n<li>Los libros que incluye la caja no son obra nuestra, quedamos exentos de cualquier tipo de responsabilidad.<\/li>\n<\/ul>","protected":false},"excerpt":{"rendered":"<p>Caja Especial con productos literarios cuyo arte con LICENCIA OFICIAL ha sido creado por @gonzalom.art e inspirado en el libro Un Reino de Carne y Fuego de la autora Jennifer L. Armentrout.<\/p>","protected":false},"featured_media":6167,"comment_status":"open","ping_status":"closed","template":"","meta":[],"product_brand":[],"product_cat":[79,78],"product_tag":[104,137],"class_list":{"0":"post-6166","1":"product","2":"type-product","3":"status-publish","4":"has-post-thumbnail","6":"product_cat-de-sangre-y-cenizas","7":"product_cat-jennifer-l-armentrout","8":"product_tag-cajas-especiales","9":"product_tag-nopapel","10":"product_shipping_class-caja","12":"first","13":"instock","14":"sold-individually","15":"purchasable","16":"product-type-simple","17":"add-to-wishlist-before_image"},"_links":{"self":[{"href":"https:\/\/www.fairydragonprints.com\/en\/wp-json\/wp\/v2\/product\/6166","targetHints":{"allow":["GET"]}}],"collection":[{"href":"https:\/\/www.fairydragonprints.com\/en\/wp-json\/wp\/v2\/product"}],"about":[{"href":"https:\/\/www.fairydragonprints.com\/en\/wp-json\/wp\/v2\/types\/product"}],"replies":[{"embeddable":true,"href":"https:\/\/www.fairydragonprints.com\/en\/wp-json\/wp\/v2\/comments?post=6166"}],"wp:featuredmedia":[{"embeddable":true,"href":"https:\/\/www.fairydragonprints.com\/en\/wp-json\/wp\/v2\/media\/6167"}],"wp:attachment":[{"href":"https:\/\/www.fairydragonprints.com\/en\/wp-json\/wp\/v2\/media?parent=6166"}],"wp:term":[{"taxonomy":"product_brand","embeddable":true,"href":"https:\/\/www.fairydragonprints.com\/en\/wp-json\/wp\/v2\/product_brand?post=6166"},{"taxonomy":"product_cat","embeddable":true,"href":"https:\/\/www.fairydragonprints.com\/en\/wp-json\/wp\/v2\/product_cat?post=6166"},{"taxonomy":"product_tag","embeddable":true,"href":"https:\/\/www.fairydragonprints.com\/en\/wp-json\/wp\/v2\/product_tag?post=6166"}],"curies":[{"name":"wp","href":"https:\/\/api.w.org\/{rel}","templated":true}]}}