{"id":5260,"date":"2025-11-01T12:38:44","date_gmt":"2025-11-01T12:38:44","guid":{"rendered":"https:\/\/www.fairydragonprints.com\/?post_type=product&#038;p=5260"},"modified":"2026-04-01T14:35:54","modified_gmt":"2026-04-01T14:35:54","slug":"from-blood-and-ash-sobrecubierta","status":"publish","type":"product","link":"https:\/\/www.fairydragonprints.com\/en\/product\/from-blood-and-ash-sobrecubierta\/","title":{"rendered":"From Blood and Ash \u2013 Dustjacket"},"content":{"rendered":"<p>Sobrecubierta para la edici\u00f3n de UK y USA de tapa dura y para la Edici\u00f3n Especial espa\u00f1ola.<\/p>\n<p>Matte coated paper 170 gr\/m2<br \/>\nSingle-sided color printing.<br \/>\nAnti-scratch finish.<br \/>\n2D UV Varnish<br \/>\nStamping GOLD 2D<br \/>\nDie-cut slot to position the dustjacket correctly and prevent the paper being damaged when folded.<br \/>\nProduct is handcrafted, so there may be slight variations from one item to another.<br \/>\nProduct color may vary slightly from photograpy.<\/p>\n<div><strong>MEASURES<\/strong><\/div>\n<ul>\n<li><strong>From Blood and Ash<\/strong><br \/>\nFront and back cover 16 cm x 23.5 cm<br \/>\nSpine 3.5 cm x 23.5 cm<br \/>\nFlaps: 10 cm x 23.5 cm<\/li>\n<\/ul>\n<div>Please check the measurements carefully before purchasing.<\/div>\n<div><\/div>\n<div>Licensed art from the world os From Blood and Ashs by Jennifer L. Armentrout. The author has approved the art, but has not been part of the creation process. likewise, she is exempt from any type os responsability.<\/div>\n<div><\/div>","protected":false},"excerpt":{"rendered":"<p>OFFICIALLY LICENSED art created by\u00a0<a href=\"http:\/\/instagram.com\/gonzalom.art\" target=\"_blank\" rel=\"noopener\">@gonzalom.art<\/a>\u00a0Inspired by the From Blood and Ash saga by author Jennifer L. Armentrout.<\/p>\n<p>Suitable for UK and USA hardcover editions.<\/p>","protected":false},"featured_media":5296,"comment_status":"open","ping_status":"closed","template":"","meta":[],"product_brand":[],"product_cat":[79,78],"product_tag":[136,84],"class_list":{"0":"post-5260","1":"product","2":"type-product","3":"status-publish","4":"has-post-thumbnail","6":"product_cat-de-sangre-y-cenizas","7":"product_cat-jennifer-l-armentrout","8":"product_tag-papel","9":"product_tag-sobrecubierta","11":"first","12":"instock","13":"taxable","14":"shipping-taxable","15":"purchasable","16":"product-type-simple","17":"add-to-wishlist-before_image"},"_links":{"self":[{"href":"https:\/\/www.fairydragonprints.com\/en\/wp-json\/wp\/v2\/product\/5260","targetHints":{"allow":["GET"]}}],"collection":[{"href":"https:\/\/www.fairydragonprints.com\/en\/wp-json\/wp\/v2\/product"}],"about":[{"href":"https:\/\/www.fairydragonprints.com\/en\/wp-json\/wp\/v2\/types\/product"}],"replies":[{"embeddable":true,"href":"https:\/\/www.fairydragonprints.com\/en\/wp-json\/wp\/v2\/comments?post=5260"}],"wp:featuredmedia":[{"embeddable":true,"href":"https:\/\/www.fairydragonprints.com\/en\/wp-json\/wp\/v2\/media\/5296"}],"wp:attachment":[{"href":"https:\/\/www.fairydragonprints.com\/en\/wp-json\/wp\/v2\/media?parent=5260"}],"wp:term":[{"taxonomy":"product_brand","embeddable":true,"href":"https:\/\/www.fairydragonprints.com\/en\/wp-json\/wp\/v2\/product_brand?post=5260"},{"taxonomy":"product_cat","embeddable":true,"href":"https:\/\/www.fairydragonprints.com\/en\/wp-json\/wp\/v2\/product_cat?post=5260"},{"taxonomy":"product_tag","embeddable":true,"href":"https:\/\/www.fairydragonprints.com\/en\/wp-json\/wp\/v2\/product_tag?post=5260"}],"curies":[{"name":"wp","href":"https:\/\/api.w.org\/{rel}","templated":true}]}}