{"id":5156,"date":"2025-10-24T08:49:35","date_gmt":"2025-10-24T08:49:35","guid":{"rendered":"https:\/\/www.fairydragonprints.com\/?post_type=product&#038;p=5156"},"modified":"2026-01-08T23:20:00","modified_gmt":"2026-01-08T23:20:00","slug":"manta-literaria-preventa","status":"publish","type":"product","link":"https:\/\/www.fairydragonprints.com\/en\/product\/manta-literaria-preventa\/","title":{"rendered":"Literary Blanket \u2013 PRE-ORDER"},"content":{"rendered":"<p>Llega el fr\u00edo y con ello las mantas literarias.<\/p>\n<p>Preciosas mantas de tejido coralina con tacto extra suave. Creadas con material ligero que produce una sensaci\u00f3n de calor super confortable. Ideal para esos d\u00edas lluviosos en los que solo apetece quedarse en casa tapadito y con una buena lectura entre manos.<\/p>\n<p>Escoge la ilustraci\u00f3n que m\u00e1s te guste entre las 12 seleccionadas y disfruta este invierno de manta literaria por todo lo alto.<\/p>\n<p>Si deseas adquirir un dise\u00f1o distinto a los mostrados, puedes ponerte en contacto con nosotros a trav\u00e9s de Instagram o el correo gonzalom.ilustracion@outlook.com para que verifiquemos si es posible amoldar ese dise\u00f1o a las medida necesarias para la elaboraci\u00f3n de la manta.<\/p>\n<p>&nbsp;<\/p>\n<p>CHARACTERISTICS:<\/p>\n<ul>\n<li>Tejido coralina 100% poli\u00e9ster<\/li>\n<li>Tacto sedoso extra suave<\/li>\n<li>Impreso a una cara con dise\u00f1o literario a escoger<\/li>\n<li>2 Tipos de Grosor a elegir: 300gr \/ 500gr<\/li>\n<li>Tama\u00f1o 120 x 160cm<\/li>\n<\/ul>\n<p>&nbsp;<\/p>\n<p>SHIPPING INFORMATION:<\/p>\n<ul>\n<li>Este producto se adquiere bajo PREVENTA. Ser\u00e1 especialmente fabricado para ti en el momento en el que realices el pedido, por lo que los tiempos de preparaci\u00f3n se alargan algo m\u00e1s. La preventa estar\u00e1 abierta hasta el d\u00eda 7 de Enero. Las mantas se empezar\u00e1n a enviar a mediados de Febrero.<\/li>\n<li>No es posible a\u00f1adir m\u00e1s art\u00edculos al pedido. Si deseas comprar alg\u00fan otro producto, tendr\u00e1s que hacer otro pedido.<\/li>\n<\/ul>\n<p>&nbsp;<\/p>","protected":false},"excerpt":{"rendered":"<p>Manta literaria de tacto extra suave, ligera y confortable con 12 dise\u00f1os a escoger.<\/p>\n<p>De 120 x 160cm y\u00a0 disponible en 2 grosores.<\/p>","protected":false},"featured_media":5188,"comment_status":"open","ping_status":"closed","template":"","meta":[],"product_brand":[],"product_cat":[56,81,110,79,66,64,78,65,111,94,59,18,63],"product_tag":[133,136],"class_list":{"0":"post-5156","1":"product","2":"type-product","3":"status-publish","4":"has-post-thumbnail","6":"product_cat-acotar","7":"product_cat-alas-de-sangre","8":"product_cat-callie-hart","9":"product_cat-de-sangre-y-cenizas","10":"product_cat-el-imperio-del-vampiro","11":"product_cat-jay-kristoff","12":"product_cat-jennifer-l-armentrout","13":"product_cat-nuncanoche","14":"product_cat-quicksilver","15":"product_cat-rebecca-yarros","16":"product_cat-sarah-j-maas","17":"product_cat-sin-categorizar","18":"product_cat-trono-de-cristal","19":"product_tag-manta-literaria","20":"product_tag-papel","22":"first","23":"outofstock","24":"sold-individually","25":"taxable","26":"shipping-taxable","27":"purchasable","28":"product-type-variable","29":"add-to-wishlist-before_image"},"_links":{"self":[{"href":"https:\/\/www.fairydragonprints.com\/en\/wp-json\/wp\/v2\/product\/5156","targetHints":{"allow":["GET"]}}],"collection":[{"href":"https:\/\/www.fairydragonprints.com\/en\/wp-json\/wp\/v2\/product"}],"about":[{"href":"https:\/\/www.fairydragonprints.com\/en\/wp-json\/wp\/v2\/types\/product"}],"replies":[{"embeddable":true,"href":"https:\/\/www.fairydragonprints.com\/en\/wp-json\/wp\/v2\/comments?post=5156"}],"wp:featuredmedia":[{"embeddable":true,"href":"https:\/\/www.fairydragonprints.com\/en\/wp-json\/wp\/v2\/media\/5188"}],"wp:attachment":[{"href":"https:\/\/www.fairydragonprints.com\/en\/wp-json\/wp\/v2\/media?parent=5156"}],"wp:term":[{"taxonomy":"product_brand","embeddable":true,"href":"https:\/\/www.fairydragonprints.com\/en\/wp-json\/wp\/v2\/product_brand?post=5156"},{"taxonomy":"product_cat","embeddable":true,"href":"https:\/\/www.fairydragonprints.com\/en\/wp-json\/wp\/v2\/product_cat?post=5156"},{"taxonomy":"product_tag","embeddable":true,"href":"https:\/\/www.fairydragonprints.com\/en\/wp-json\/wp\/v2\/product_tag?post=5156"}],"curies":[{"name":"wp","href":"https:\/\/api.w.org\/{rel}","templated":true}]}}