{"id":4226,"date":"2025-07-17T21:57:49","date_gmt":"2025-07-17T21:57:49","guid":{"rendered":"https:\/\/www.fairydragonprints.com\/?post_type=product&#038;p=4226"},"modified":"2026-04-16T16:18:33","modified_gmt":"2026-04-16T16:18:33","slug":"caja-literaria-de-sangre-y-cenizas","status":"publish","type":"product","link":"https:\/\/www.fairydragonprints.com\/en\/product\/caja-literaria-de-sangre-y-cenizas\/","title":{"rendered":"Caja Literaria De Sangre y Cenizas"},"content":{"rendered":"<h3><span data-olk-copy-source=\"MessageBody\">\u00abDe Sangre y Cenizas resurgiremos\u00bb<\/span><\/h3>\n<p>Presentamos esta caja especial con productos literarios inspirados en la saga De Sangre y Cenizas de la autora Jennifer L. Armentrout.<\/p>\n<p>In this box you can find:<\/p>\n<ul>\n<li><strong>LIBRO \u00abDE SANGRE Y CENIZAS\u00bb EN EDICI\u00d3N ESPECIAL.<\/strong> Esta incre\u00edble edici\u00f3n, ilustrada en su totalidad por @gonzalom.art, es el sue\u00f1o de todo amante de la saga. Un art\u00edculo de colecci\u00f3n que se convertir\u00e1 en la joya de tu estanter\u00eda. Tapa dura con un precioso dise\u00f1o en portada y contraportada y detalles en stamping; cantos pintados y guardas con escenas ilustradas. Una edici\u00f3n que no podr\u00e1s dejar de admirar.<\/li>\n<\/ul>\n<p>&nbsp;<\/p>\n<ul>\n<li><strong>SEY OF OVERLAYS <\/strong>Un pack compuesto por 5 overlays que representan escenas destacadas del libro \u00abDe Sangre y Cenizas\u00bb para que puedas complementar tu lectura introduci\u00e9ndolas en el libro y hacer a\u00fan m\u00e1s m\u00e1gico ese momento de lectura. Incluye una tarjeta con las p\u00e1ginas exactas en las que se recomienda que coloques cada una de las overlays.<\/li>\n<\/ul>\n<p>&nbsp;<\/p>\n<ul>\n<li><strong>SET OF ARTCARDS <\/strong>Pack composed of three ArtCards featuring the saga's most iconic characters. Printed on 350gsm paper with an ultra-matte, soft-touch laminate that blocks out any reflection. These full-color cards, featuring metallic details in a hot-foil frame on both sides, are similar in size to a Tarot card.<\/li>\n<\/ul>\n<p>&nbsp;<\/p>\n<ul>\n<li><strong>A BOOKSLEEVE<\/strong> de tama\u00f1o grande (30 x 22cm) para poder guardar tu libro y transportarlo a cualquier parte sin que este sufra ning\u00fan da\u00f1o. Esta funda est\u00e1 impresa a todo color con un dise\u00f1o exclusivo de una escena destacada de la novela. Contiene un lazo a modo de cierre.<\/li>\n<\/ul>\n<p>&nbsp;<\/p>\n<ul>\n<li><strong>AN EXCLUSIVE PRINT SIGNED BY @GONZALOM.ART.<\/strong>\u00a0 Un print A5 de un dise\u00f1o exclusivo impreso en papel de 350gr, con acabado laminado ultramate y tacto suave. Firmado a mano por el artista que ha creado todas las ilustraciones que encontrar\u00e1s dentro de esta caja literaria.<\/li>\n<\/ul>\n<p>&nbsp;<\/p>\n<h3>\u00abCon mi espada y con mi vida, juro mantenerte a salvo, Penellaphe.\u00bb<\/h3>\n<p><span style=\"font-size: 16px;\">\u00a0<\/span><\/p>\n<p>SHIPPING INFORMATION:<\/p>\n<ul>\n<li>Debido a la fecha de publicaci\u00f3n del libro, est\u00e1s adquiriendo un producto en <strong>PREORDER<\/strong>, por tanto, las cajas no se enviar\u00e1n <strong>until November<\/strong>.<\/li>\n<li>\u00a0If you wish to purchase another item within the same order, it will not ship until November. If you wish to receive it sooner, you will need to place another order.<\/li>\n<li>\u00a0No es posible a\u00f1adir m\u00e1s de una caja al pedido. De esta forma buscamos evitar las compras especulativas, haciendo que cada uno tenga la oportunidad de conseguir la suya.<\/li>\n<li>La caja solamente est\u00e1 disponible para env\u00edo dentro del territorio espa\u00f1ol.<\/li>\n<li>Los libros que incluye la caja no son obra nuestra, quedamos exentos de cualquier tipo de responsabilidad.<\/li>\n<\/ul>","protected":false},"excerpt":{"rendered":"<p>Caja Especial con productos literarios cuyo arte con LICENCIA OFICIAL ha sido creado por @gonzalom.art e inspirado en la saga De Sangre y Cenizas de la autora Jennifer L. Armentrout.<\/p>","protected":false},"featured_media":4265,"comment_status":"open","ping_status":"closed","template":"","meta":[],"product_brand":[],"product_cat":[79,78],"product_tag":[104,137],"class_list":{"0":"post-4226","1":"product","2":"type-product","3":"status-publish","4":"has-post-thumbnail","6":"product_cat-de-sangre-y-cenizas","7":"product_cat-jennifer-l-armentrout","8":"product_tag-cajas-especiales","9":"product_tag-nopapel","10":"product_shipping_class-caja","12":"first","13":"instock","14":"sold-individually","15":"purchasable","16":"product-type-simple","17":"add-to-wishlist-before_image"},"_links":{"self":[{"href":"https:\/\/www.fairydragonprints.com\/en\/wp-json\/wp\/v2\/product\/4226","targetHints":{"allow":["GET"]}}],"collection":[{"href":"https:\/\/www.fairydragonprints.com\/en\/wp-json\/wp\/v2\/product"}],"about":[{"href":"https:\/\/www.fairydragonprints.com\/en\/wp-json\/wp\/v2\/types\/product"}],"replies":[{"embeddable":true,"href":"https:\/\/www.fairydragonprints.com\/en\/wp-json\/wp\/v2\/comments?post=4226"}],"wp:featuredmedia":[{"embeddable":true,"href":"https:\/\/www.fairydragonprints.com\/en\/wp-json\/wp\/v2\/media\/4265"}],"wp:attachment":[{"href":"https:\/\/www.fairydragonprints.com\/en\/wp-json\/wp\/v2\/media?parent=4226"}],"wp:term":[{"taxonomy":"product_brand","embeddable":true,"href":"https:\/\/www.fairydragonprints.com\/en\/wp-json\/wp\/v2\/product_brand?post=4226"},{"taxonomy":"product_cat","embeddable":true,"href":"https:\/\/www.fairydragonprints.com\/en\/wp-json\/wp\/v2\/product_cat?post=4226"},{"taxonomy":"product_tag","embeddable":true,"href":"https:\/\/www.fairydragonprints.com\/en\/wp-json\/wp\/v2\/product_tag?post=4226"}],"curies":[{"name":"wp","href":"https:\/\/api.w.org\/{rel}","templated":true}]}}