{"id":3,"date":"2022-01-19T09:32:30","date_gmt":"2022-01-19T09:32:30","guid":{"rendered":"https:\/\/startersites.io\/stagingthree\/?page_id=3"},"modified":"2024-10-26T12:59:57","modified_gmt":"2024-10-26T12:59:57","slug":"privacy-policy","status":"publish","type":"page","link":"https:\/\/www.fairydragonprints.com\/en\/privacy-policy\/","title":{"rendered":"Privacy Policy"},"content":{"rendered":"<div class=\"wp-block-stackable-text stk-block-text stk-block stk-4d018fc\" data-block-id=\"4d018fc\"><p class=\"stk-block-text__text\">This Privacy Policy sets forth the terms under which Fairy &amp; Dragon uses and protects the information that is provided by its users when using its website. This company is committed to the security of its users' data. When we ask you to fill in the fields of personal information with which you can be identified, we do so with the assurance that it will only be used in accordance with the terms of this document. However, this Privacy Policy may change over time or be updated and we encourage you to continually review this page to ensure that you agree to any such changes.<\/p><\/div>\n\n\n\n<div class=\"wp-block-stackable-heading stk-block-heading stk-block-heading--v2 stk-block stk-86dc9f6\" id=\"identidad-del-responsable\" data-block-id=\"86dc9f6\"><h2 class=\"stk-block-heading__text\">Identity of the Responsible<\/h2><\/div>\n\n\n\n<div class=\"wp-block-stackable-icon-list stk-block-icon-list stk-block stk-c1f5e57\" data-block-id=\"c1f5e57\"><style>.stk-c1f5e57 {--stk-icon-height:8px !important;}<\/style><svg style=\"display:none\"><defs><g id=\"stk-icon-list__icon-svg-def-c1f5e57\"><svg xmlns=\"http:\/\/www.w3.org\/2000\/svg\" viewbox=\"0 0 512 512\"><path d=\"M256 512A256 256 0 1 0 256 0a256 256 0 1 0 0 512z\"\/><\/svg><\/g><\/defs><\/svg><ul class=\"stk-block-icon-list__ul stk-block-icon-list--column\">\n<li class=\"wp-block-stackable-icon-list-item stk-block-icon-list-item stk-block stk-5e973dd\" data-block-id=\"5e973dd\"><div class=\"stk-block-icon-list-item__content\"><span class=\"stk--svg-wrapper\"><div class=\"stk--inner-svg\"><svg aria-hidden=\"true\" width=\"32\" height=\"32\"><use xlink:href=\"#stk-icon-list__icon-svg-def-c1f5e57\"><\/use><\/svg><\/div><\/span><span class=\"stk-block-icon-list-item__text\">Responsible: Naiara Bosoms Blasco<\/span><\/div><\/li>\n\n\n\n<li class=\"wp-block-stackable-icon-list-item stk-block-icon-list-item stk-block stk-ecb3461\" data-block-id=\"ecb3461\"><div class=\"stk-block-icon-list-item__content\"><span class=\"stk--svg-wrapper\"><div class=\"stk--inner-svg\"><svg aria-hidden=\"true\" width=\"32\" height=\"32\"><use xlink:href=\"#stk-icon-list__icon-svg-def-c1f5e57\"><\/use><\/svg><\/div><\/span><span class=\"stk-block-icon-list-item__text\">DNI: 47912639M<\/span><\/div><\/li>\n\n\n\n<li class=\"wp-block-stackable-icon-list-item stk-block-icon-list-item stk-block stk-be452fd\" data-block-id=\"be452fd\"><div class=\"stk-block-icon-list-item__content\"><span class=\"stk--svg-wrapper\"><div class=\"stk--inner-svg\"><svg aria-hidden=\"true\" width=\"32\" height=\"32\"><use xlink:href=\"#stk-icon-list__icon-svg-def-c1f5e57\"><\/use><\/svg><\/div><\/span><span class=\"stk-block-icon-list-item__text\">Address: C\/Murtra 181, Bj 4\u00aa, 08032, Barcelona, Spain<\/span><\/div><\/li>\n\n\n\n<li class=\"wp-block-stackable-icon-list-item stk-block-icon-list-item stk-block stk-109185d\" data-block-id=\"109185d\"><div class=\"stk-block-icon-list-item__content\"><span class=\"stk--svg-wrapper\"><div class=\"stk--inner-svg\"><svg aria-hidden=\"true\" width=\"32\" height=\"32\"><use xlink:href=\"#stk-icon-list__icon-svg-def-c1f5e57\"><\/use><\/svg><\/div><\/span><span class=\"stk-block-icon-list-item__text\">Website: https:\/\/www.fairydragonprints.com<\/span><\/div><\/li>\n<\/ul><\/div>\n\n\n\n<div class=\"wp-block-stackable-heading stk-block-heading stk-block-heading--v2 stk-block stk-fa35d96\" id=\"strong-informacion-que-es-recogida-strong\" data-block-id=\"fa35d96\"><h2 class=\"stk-block-heading__text\"><strong>Information that is collected<\/strong><\/h2><\/div>\n\n\n\n<div class=\"wp-block-stackable-text stk-block-text stk-block stk-3888ff9\" data-block-id=\"3888ff9\"><p class=\"stk-block-text__text\">Our website may collect personal information, such as your name, contact information such as your email address, and demographic information. Specific information may also be required when necessary to process an order, deliver, or bill you.<\/p><\/div>\n\n\n\n<div class=\"wp-block-stackable-heading stk-block-heading stk-block-heading--v2 stk-block stk-193297b\" id=\"strong-uso-de-la-informacion-recogida-strong\" data-block-id=\"193297b\"><h2 class=\"stk-block-heading__text\"><strong>Use of information collected<\/strong><\/h2><\/div>\n\n\n\n<div class=\"wp-block-stackable-text stk-block-text stk-block stk-d53b024\" data-block-id=\"d53b024\"><p class=\"stk-block-text__text\">Our website uses this information to provide the best possible service, particularly to maintain user records, order records, if applicable, and to improve our products and services. Emails may be sent through our site with information relevant to your order; these emails will be sent to the address you provide.<\/p><\/div>\n\n\n\n<div class=\"wp-block-stackable-text stk-block-text stk-block stk-4a55d00\" data-block-id=\"4a55d00\"><p class=\"stk-block-text__text\">Fairy &amp; Dragon is deeply committed to keeping your information secure. We use the most advanced systems and constantly update them to ensure no unauthorized access.<\/p><\/div>\n\n\n\n<div class=\"wp-block-stackable-heading stk-block-heading stk-block-heading--v2 stk-block stk-1ce14f1\" id=\"strong-cookies-strong\" data-block-id=\"1ce14f1\"><h2 class=\"stk-block-heading__text\"><strong>Cookies<\/strong><\/h2><\/div>\n\n\n\n<div class=\"wp-block-stackable-text stk-block-text stk-block stk-cf6894a\" data-block-id=\"cf6894a\"><p class=\"stk-block-text__text\">A cookie refers to a file that is sent with the purpose of requesting permission to be stored on your computer, by accepting this file is created and the cookie is then used to have information regarding web traffic, and also facilitates future visits to a recurring website. Another function that cookies have is that with them the web can recognize you individually and therefore provide you with the best personalized service on its website.<\/p><\/div>\n\n\n\n<div class=\"wp-block-stackable-text stk-block-text stk-block stk-67b2d62\" data-block-id=\"67b2d62\"><p class=\"stk-block-text__text\">Our website uses cookies to identify the pages that are visited and their frequency. This information is used only for the correct functioning of the application and then the information is permanently deleted. You can delete cookies at any time from your computer. However, cookies help to provide a better service of the websites, they do not give access to information about your computer or you. You can accept or deny the use of cookies, however most browsers automatically accept cookies as it serves to have a better web service. You can also change the configuration of your computer to decline cookies. If you decline cookies you may not be able to use some of our services.<\/p><\/div>\n\n\n\n<div class=\"wp-block-stackable-heading stk-block-heading stk-block-heading--v2 stk-block stk-0b71cf9\" id=\"strong-enlaces-a-terceros-strong\" data-block-id=\"0b71cf9\"><h2 class=\"stk-block-heading__text\"><strong>Links to Third Parties<\/strong><\/h2><\/div>\n\n\n\n<div class=\"wp-block-stackable-text stk-block-text stk-block stk-0d4a745\" data-block-id=\"0d4a745\"><p class=\"stk-block-text__text\">This website may contain links to other sites that may be of interest to you. Once you click on these links and leave our page, we no longer have control over the site to which you are redirected and, therefore, we are not responsible for the terms or privacy policies or the protection of your data on these other third-party sites. These sites are subject to their own privacy policies, so we recommend that you review them to confirm that you agree with them.<\/p><\/div>\n\n\n\n<h2 class=\"wp-block-heading\"><strong>Control of your personal information<\/strong><\/h2>\n\n\n\n<div class=\"wp-block-stackable-text stk-block-text stk-block stk-5cf7ab2\" data-block-id=\"5cf7ab2\"><p class=\"stk-block-text__text\">At any time you may restrict the collection or use of personal information that is provided to our website.<\/p><\/div>\n\n\n\n<div class=\"wp-block-stackable-text stk-block-text stk-block stk-5dd416b\" data-block-id=\"5dd416b\"><p class=\"stk-block-text__text\">This company will not sell, give away or distribute the personal information that is collected without your consent, unless required by a judge with a court order.<\/p><\/div>\n\n\n\n<div class=\"wp-block-stackable-text stk-block-text stk-block stk-9bebcd0\" data-block-id=\"9bebcd0\"><p class=\"stk-block-text__text\">Fairy &amp; Dragon reserves the right to change the terms of this Privacy Policy at any time.<\/p><\/div>","protected":false},"excerpt":{"rendered":"<p>El presente Pol\u00edtica de Privacidad establece los t\u00e9rminos en que Fairy &amp; Dragon usa y protege la informaci\u00f3n que es proporcionada por sus usuarios al momento de utilizar su sitio web. Esta compa\u00f1\u00eda est\u00e1 comprometida con la seguridad de los datos de sus usuarios. Cuando le pedimos llenar los campos de informaci\u00f3n personal con la [&hellip;]<\/p>\n","protected":false},"author":1,"featured_media":0,"parent":0,"menu_order":0,"comment_status":"closed","ping_status":"closed","template":"","meta":{"footnotes":""},"class_list":["post-3","page","type-page","status-publish","hentry"],"blocksy_meta":[],"_links":{"self":[{"href":"https:\/\/www.fairydragonprints.com\/en\/wp-json\/wp\/v2\/pages\/3","targetHints":{"allow":["GET"]}}],"collection":[{"href":"https:\/\/www.fairydragonprints.com\/en\/wp-json\/wp\/v2\/pages"}],"about":[{"href":"https:\/\/www.fairydragonprints.com\/en\/wp-json\/wp\/v2\/types\/page"}],"author":[{"embeddable":true,"href":"https:\/\/www.fairydragonprints.com\/en\/wp-json\/wp\/v2\/users\/1"}],"replies":[{"embeddable":true,"href":"https:\/\/www.fairydragonprints.com\/en\/wp-json\/wp\/v2\/comments?post=3"}],"version-history":[{"count":0,"href":"https:\/\/www.fairydragonprints.com\/en\/wp-json\/wp\/v2\/pages\/3\/revisions"}],"wp:attachment":[{"href":"https:\/\/www.fairydragonprints.com\/en\/wp-json\/wp\/v2\/media?parent=3"}],"curies":[{"name":"wp","href":"https:\/\/api.w.org\/{rel}","templated":true}]}}