{"id":23,"date":"2021-04-09T15:21:35","date_gmt":"2021-04-09T15:21:35","guid":{"rendered":"https:\/\/startersites.io\/blocksy\/homi\/?page_id=23"},"modified":"2025-07-09T00:39:07","modified_gmt":"2025-07-09T00:39:07","slug":"cart","status":"publish","type":"page","link":"https:\/\/www.fairydragonprints.com\/en\/cart\/","title":{"rendered":"Cart"},"content":{"rendered":"<div class=\"wp-block-stackable-heading stk-block-heading stk-block-heading--v2 stk-block stk-656c800\" id=\"una-ilustracion-mia-es-un-sueno-que-tienes-en-tus-manos\" data-block-id=\"656c800\"><style>.stk-656c800 {align-items:center !important;margin-bottom:40px !important;display:flex !important;}.stk-656c800 .stk-block-heading__text{color:#6f166f !important;font-style:italic !important;font-family:\"IM Fell French Canon\", Sans-serif !important;}<\/style><h3 class=\"stk-block-heading__text has-text-color has-text-align-center\">\u201cAn illustration of mine is a dream that you hold in your hands\u201d<\/h3><\/div>\n\n\n\n\n\n\n<div class=\"wp-block-stackable-text stk-block-text stk-block stk-f46eee9\" data-block-id=\"f46eee9\"><style>.stk-f46eee9 .stk-block-text__text{text-shadow:none !important;font-size:30px !important;font-weight:bold !important;font-style:italic !important;font-family:-apple-system, BlinkMacSystemFont, \"Segoe UI\", Roboto, Helvetica, Arial, sans-serif, \"Apple Color Emoji\", \"Segoe UI Emoji\", \"Segoe UI Symbol\" !important;}@media screen and (max-width:999px){.stk-f46eee9 .stk-block-text__text{font-size:30px !important;}}<\/style><p class=\"stk-block-text__text has-text-align-center\">*Shipping costs are calculated once you enter your shipping address*<\/p><\/div>","protected":false},"excerpt":{"rendered":"<p>\u201cUna ilustraci\u00f3n m\u00eda es un sue\u00f1o que tienes en tus manos\u201d *El precio del env\u00edo se calcula una vez introduzcas la direcci\u00f3n de env\u00edo*<\/p>","protected":false},"author":1,"featured_media":0,"parent":0,"menu_order":0,"comment_status":"closed","ping_status":"closed","template":"","meta":{"footnotes":""},"class_list":["post-23","page","type-page","status-publish","hentry"],"blocksy_meta":{"styles_descriptor":{"styles":{"desktop":"","tablet":"","mobile":""},"google_fonts":[],"version":6}},"_links":{"self":[{"href":"https:\/\/www.fairydragonprints.com\/en\/wp-json\/wp\/v2\/pages\/23","targetHints":{"allow":["GET"]}}],"collection":[{"href":"https:\/\/www.fairydragonprints.com\/en\/wp-json\/wp\/v2\/pages"}],"about":[{"href":"https:\/\/www.fairydragonprints.com\/en\/wp-json\/wp\/v2\/types\/page"}],"author":[{"embeddable":true,"href":"https:\/\/www.fairydragonprints.com\/en\/wp-json\/wp\/v2\/users\/1"}],"replies":[{"embeddable":true,"href":"https:\/\/www.fairydragonprints.com\/en\/wp-json\/wp\/v2\/comments?post=23"}],"version-history":[{"count":0,"href":"https:\/\/www.fairydragonprints.com\/en\/wp-json\/wp\/v2\/pages\/23\/revisions"}],"wp:attachment":[{"href":"https:\/\/www.fairydragonprints.com\/en\/wp-json\/wp\/v2\/media?parent=23"}],"curies":[{"name":"wp","href":"https:\/\/api.w.org\/{rel}","templated":true}]}}