{"id":1679,"date":"2024-09-03T15:30:36","date_gmt":"2024-09-03T15:30:36","guid":{"rendered":"https:\/\/www.fairydragonprints.com\/?page_id=1679"},"modified":"2025-08-28T17:55:42","modified_gmt":"2025-08-28T17:55:42","slug":"terms-and-conditions","status":"publish","type":"page","link":"https:\/\/www.fairydragonprints.com\/en\/terms-and-conditions\/","title":{"rendered":"Terms and Conditions"},"content":{"rendered":"<p>The usual preparation time for a package is 3 to 7 working days.&nbsp;<\/p>\n\n\n\n<p>Presales are excluded from this range and their preparation time will be indicated in the product information. In this way, you can calculate the lead time before making the purchase.<\/p>\n\n\n\n<p>Once the package is prepared, delivery time varies depending on the destination and the type of shipment selected.&nbsp;<\/p>\n\n\n\n<p>Packages sent with Correos Espa\u00f1a can take from 7 days to 4 weeks to arrive at their destination. Packages sent with Oxperta have an estimated delivery time of 24 to 72 hours (this average is specified in the Checkout section).<\/p>\n\n\n\n<p>All packages are shipped via registered service, so they have a tracking code.&nbsp;<\/p>\n\n\n\n<p>Orders whose package is shipped through Oxperta will receive an SMS message or an email with this information.<\/p>\n\n\n\n<p>For those orders sent through Correos Espa\u00f1a, you will receive the information through Fairy &amp; Dragon by e-mail.&nbsp;&nbsp;<\/p>\n\n\n\n<p>If delivery is delayed beyond the 4-week time limit, please contact us via @fairyanddragonprints or through our contact page.<\/p>\n\n\n\n<p>We are not responsible in the event that the package is returned due to an incorrect address or failure to pick it up at the post office. In that case, once we receive the returned package, we can resend it if the customer has previously paid for a new shipment.&nbsp;<\/p>\n\n\n\n<p>We do not accept economic or merchandise returns.<\/p>\n\n\n\n<p><\/p>","protected":false},"excerpt":{"rendered":"<p>El plazo de preparaci\u00f3n habitual de un paquete es de 3 a 7 d\u00edas laborables.&nbsp; Las preventas quedan excluidas de este rango y su tiempo de preparaci\u00f3n ser\u00e1 indicado en la informaci\u00f3n del producto. De esta forma, puedes calcular sus plazos antes de efectuar la compra. Una vez est\u00e9 preparado el paquete, el tiempo de [&hellip;]<\/p>\n","protected":false},"author":1,"featured_media":0,"parent":0,"menu_order":0,"comment_status":"closed","ping_status":"closed","template":"","meta":{"footnotes":""},"class_list":["post-1679","page","type-page","status-publish","hentry"],"blocksy_meta":[],"_links":{"self":[{"href":"https:\/\/www.fairydragonprints.com\/en\/wp-json\/wp\/v2\/pages\/1679","targetHints":{"allow":["GET"]}}],"collection":[{"href":"https:\/\/www.fairydragonprints.com\/en\/wp-json\/wp\/v2\/pages"}],"about":[{"href":"https:\/\/www.fairydragonprints.com\/en\/wp-json\/wp\/v2\/types\/page"}],"author":[{"embeddable":true,"href":"https:\/\/www.fairydragonprints.com\/en\/wp-json\/wp\/v2\/users\/1"}],"replies":[{"embeddable":true,"href":"https:\/\/www.fairydragonprints.com\/en\/wp-json\/wp\/v2\/comments?post=1679"}],"version-history":[{"count":1,"href":"https:\/\/www.fairydragonprints.com\/en\/wp-json\/wp\/v2\/pages\/1679\/revisions"}],"predecessor-version":[{"id":4863,"href":"https:\/\/www.fairydragonprints.com\/en\/wp-json\/wp\/v2\/pages\/1679\/revisions\/4863"}],"wp:attachment":[{"href":"https:\/\/www.fairydragonprints.com\/en\/wp-json\/wp\/v2\/media?parent=1679"}],"curies":[{"name":"wp","href":"https:\/\/api.w.org\/{rel}","templated":true}]}}