{"id":1599,"date":"2024-09-02T16:28:50","date_gmt":"2024-09-02T16:28:50","guid":{"rendered":"https:\/\/www.fairydragonprints.com\/?page_id=1599"},"modified":"2024-10-07T21:30:40","modified_gmt":"2024-10-07T21:30:40","slug":"meet-us-at","status":"publish","type":"page","link":"https:\/\/www.fairydragonprints.com\/en\/meet-us-at\/","title":{"rendered":"About us"},"content":{"rendered":"<div class=\"wp-block-stackable-spacer stk-block-spacer stk--no-padding stk-block stk-53f17ea\" data-block-id=\"53f17ea\"><\/div>\n\n\n\n<div class=\"wp-block-stackable-video-popup stk-block-video-popup stk-block stk-c3355a3\" data-video=\"https:\/\/www.fairydragonprints.com\/wp-content\/uploads\/2024\/09\/videoweb6.mp4\" data-block-id=\"c3355a3\"><div class=\"stk-block-video-popup__overlay stk-row stk-inner-blocks stk-block-content stk-hover-parent\" aria-label=\"Play video\" tabindex=\"0\" role=\"button\">\n<div class=\"wp-block-stackable-icon stk-block-icon has-text-align-center stk-block stk-a497720 stk-block-background\" data-block-id=\"a497720\"><style>.stk-a497720 {background-color:#dd2525 !important;border-style:solid !important;border-top-width:4px !important;border-right-width:4px !important;border-bottom-width:4px !important;border-left-width:4px !important;}.stk-a497720:before{background-color:#dd2525 !important;}.stk-a497720 .stk--svg-wrapper .stk--inner-svg svg:last-child{height:63px !important;width:63px !important;}.stk-a497720 .stk--svg-wrapper .stk--inner-svg svg:last-child, .stk-a497720 .stk--svg-wrapper .stk--inner-svg svg:last-child :is(g, path, rect, polygon, ellipse){fill:var(--theme-palette-color-5, #ffffff) !important;}<\/style><span class=\"stk--svg-wrapper\"><div class=\"stk--inner-svg\"><svg style=\"height:0;width:0\"><defs><lineargradient id=\"linear-gradient-a497720\" x1=\"0\" x2=\"100%\" y1=\"0\" y2=\"0\"><stop offset=\"0%\" style=\"stop-opacity:1;stop-color:var(--linear-gradient-a-497720-color-1)\"><\/stop><stop offset=\"100%\" style=\"stop-opacity:1;stop-color:var(--linear-gradient-a-497720-color-2)\"><\/stop><\/lineargradient><\/defs><\/svg><svg data-prefix=\"fas\" data-icon=\"play\" class=\"svg-inline--fa fa-play fa-w-14\" xmlns=\"http:\/\/www.w3.org\/2000\/svg\" viewbox=\"0 0 448 512\" aria-hidden=\"true\" width=\"32\" height=\"32\"><path fill=\"currentColor\" d=\"M424.4 214.7L72.4 6.6C43.8-10.3 0 6.1 0 47.9V464c0 37.5 40.7 60.1 72.4 41.3l352-208c31.4-18.5 31.5-64.1 0-82.6z\"><\/path><\/svg><\/div><\/span><\/div>\n\n\n\n<div class=\"wp-block-stackable-image stk-block-image stk-block stk-8e75161\" data-block-id=\"8e75161\"><figure><span class=\"stk-img-wrapper stk-image--shape-stretch\"><img data-recalc-dims=\"1\" loading=\"lazy\" decoding=\"async\" class=\"stk-img wp-image-1657\" src=\"https:\/\/i0.wp.com\/www.fairydragonprints.com\/wp-content\/uploads\/2024\/09\/Sin-titulo-2-1-scaled.jpg?resize=1290%2C1117&#038;ssl=1\" width=\"1290\" height=\"1117\" srcset=\"https:\/\/i0.wp.com\/www.fairydragonprints.com\/wp-content\/uploads\/2024\/09\/Sin-titulo-2-1-scaled.jpg?w=2560&amp;ssl=1 2560w, https:\/\/i0.wp.com\/www.fairydragonprints.com\/wp-content\/uploads\/2024\/09\/Sin-titulo-2-1-scaled.jpg?resize=300%2C260&amp;ssl=1 300w, https:\/\/i0.wp.com\/www.fairydragonprints.com\/wp-content\/uploads\/2024\/09\/Sin-titulo-2-1-scaled.jpg?resize=1024%2C886&amp;ssl=1 1024w, https:\/\/i0.wp.com\/www.fairydragonprints.com\/wp-content\/uploads\/2024\/09\/Sin-titulo-2-1-scaled.jpg?resize=768%2C665&amp;ssl=1 768w, https:\/\/i0.wp.com\/www.fairydragonprints.com\/wp-content\/uploads\/2024\/09\/Sin-titulo-2-1-scaled.jpg?resize=1536%2C1330&amp;ssl=1 1536w, https:\/\/i0.wp.com\/www.fairydragonprints.com\/wp-content\/uploads\/2024\/09\/Sin-titulo-2-1-scaled.jpg?resize=2048%2C1773&amp;ssl=1 2048w, https:\/\/i0.wp.com\/www.fairydragonprints.com\/wp-content\/uploads\/2024\/09\/Sin-titulo-2-1-scaled.jpg?resize=600%2C519&amp;ssl=1 600w\" sizes=\"auto, (max-width: 1290px) 100vw, 1290px\" \/><\/span><\/figure><\/div>\n<\/div><\/div>\n\n\n\n<div class=\"wp-block-stackable-columns stk-block-columns stk-block stk-7fdac84\" data-block-id=\"7fdac84\"><style>.stk-7fdac84 {margin-bottom:33px !important;}.stk-7fdac84-column{--stk-column-gap:30px !important;}<\/style><div class=\"stk-row stk-inner-blocks stk-block-content stk-content-align stk-7fdac84-column\">\n<div class=\"wp-block-stackable-column stk-block-column stk-column stk-block stk-1e0f35e\" data-v=\"4\" data-block-id=\"1e0f35e\"><div class=\"stk-column-wrapper stk-block-column__content stk-container stk-1e0f35e-container stk--no-background stk--no-padding\"><div class=\"has-text-align-center stk-block-content stk-inner-blocks stk-1e0f35e-inner-blocks\">\n<div class=\"wp-block-stackable-text stk-block-text stk-block stk-5949ec8\" data-block-id=\"5949ec8\"><style>.stk-5949ec8 .stk-block-text__text{font-size:28px !important;font-style:italic !important;font-family:\"IM Fell French Canon\", Sans-serif !important;}@media screen and (max-width:999px){.stk-5949ec8 .stk-block-text__text{font-size:28px !important;}}<\/style><p class=\"stk-block-text__text\"><strong><span style=\"color: #3b2447;\" class=\"stk-highlight\">\u00abArt is the dream of giving life through strokes\u2026\u00bb<\/span><\/strong><\/p><\/div>\n<\/div><\/div><\/div>\n<\/div><\/div>\n\n\n\n<div class=\"wp-block-stackable-columns stk-block-columns stk-block stk-d5375cc\" data-block-id=\"d5375cc\"><style>.stk-d5375cc-column{--stk-columns-spacing:0px !important;row-gap:0px !important;}<\/style><div class=\"stk-row stk-inner-blocks stk-block-content stk-content-align stk-d5375cc-column\">\n<div class=\"wp-block-stackable-column stk-block-column stk-column stk-block stk-1bc77f9\" data-v=\"4\" data-block-id=\"1bc77f9\"><style>@media screen and (min-width:690px){.stk-1bc77f9 {flex:var(--stk-flex-grow, 1) 1 25% !important;}}<\/style><div class=\"stk-column-wrapper stk-block-column__content stk-container stk-1bc77f9-container stk--no-background stk--no-padding\"><div class=\"stk-block-content stk-inner-blocks stk-1bc77f9-inner-blocks\">\n<div class=\"wp-block-stackable-image stk-block-image has-text-align-right stk-block stk-cdd6fa6\" data-block-id=\"cdd6fa6\"><style>.stk-cdd6fa6 {align-items:center !important;display:flex !important;right:-100px !important;}.stk-cdd6fa6 .stk-img-wrapper{height:100% !important;}.stk-cdd6fa6 .stk-img-wrapper img{object-position:100% 50% !important;}<\/style><figure><span class=\"stk-img-wrapper stk-image--shape-stretch\"><img data-recalc-dims=\"1\" loading=\"lazy\" decoding=\"async\" class=\"stk-img wp-image-1368\" src=\"https:\/\/i0.wp.com\/www.fairydragonprints.com\/wp-content\/uploads\/2024\/09\/finalsimbolo.png?resize=682%2C400&#038;ssl=1\" width=\"682\" height=\"400\" srcset=\"https:\/\/i0.wp.com\/www.fairydragonprints.com\/wp-content\/uploads\/2024\/09\/finalsimbolo.png?w=682&amp;ssl=1 682w, https:\/\/i0.wp.com\/www.fairydragonprints.com\/wp-content\/uploads\/2024\/09\/finalsimbolo.png?resize=300%2C176&amp;ssl=1 300w, https:\/\/i0.wp.com\/www.fairydragonprints.com\/wp-content\/uploads\/2024\/09\/finalsimbolo.png?resize=600%2C352&amp;ssl=1 600w\" sizes=\"auto, (max-width: 682px) 100vw, 682px\" \/><\/span><\/figure><\/div>\n<\/div><\/div><\/div>\n\n\n\n<div class=\"wp-block-stackable-column stk-block-column stk-column stk-block stk-1a37569\" data-v=\"4\" data-block-id=\"1a37569\"><style>.stk-1a37569 {align-self:center !important;}@media screen and (min-width:690px){.stk-1a37569 {flex:var(--stk-flex-grow, 1) 1 50% !important;}}<\/style><div class=\"stk-column-wrapper stk-block-column__content stk-container stk-1a37569-container stk--no-background stk--no-padding\"><div class=\"stk-block-content stk-inner-blocks stk-1a37569-inner-blocks\">\n<div class=\"wp-block-stackable-heading aligncenter stk-block-heading stk-block-heading--v2 stk-block stk-5ce730a\" id=\"nuestra-historia\" data-block-id=\"5ce730a\"><style>.stk-5ce730a {align-items:center !important;display:flex !important;}.stk-5ce730a .stk-block-heading__text{font-size:60px !important;font-family:\"Charm\", Sans-serif !important;}@media screen and (max-width:999px){.stk-5ce730a .stk-block-heading__text{font-size:50px !important;}}<\/style><h2 class=\"stk-block-heading__text has-text-align-center\">Our History<\/h2><\/div>\n<\/div><\/div><\/div>\n\n\n\n<div class=\"wp-block-stackable-column stk-block-column stk-column stk-block stk-b3cf583\" data-v=\"4\" data-block-id=\"b3cf583\"><style>@media screen and (min-width:690px){.stk-b3cf583 {flex:var(--stk-flex-grow, 1) 1 25% !important;}}@media screen and (max-width:689px){.stk-b3cf583 {margin-top:-56px !important;}}<\/style><div class=\"stk-column-wrapper stk-block-column__content stk-container stk-b3cf583-container stk--no-background stk--no-padding\"><div class=\"stk-block-content stk-inner-blocks stk-b3cf583-inner-blocks\">\n<div class=\"wp-block-stackable-image stk-block-image stk-block stk-2c42717\" data-block-id=\"2c42717\"><style>.stk-2c42717 {left:-100px !important;}.stk-2c42717 .stk-img-wrapper{width:100% !important;height:100% !important;}.stk-2c42717 .stk-img-wrapper img{object-position:0% 50% !important;}<\/style><figure><span class=\"stk-img-wrapper stk-image--shape-stretch\"><img data-recalc-dims=\"1\" loading=\"lazy\" decoding=\"async\" class=\"stk-img wp-image-1367\" src=\"https:\/\/i0.wp.com\/www.fairydragonprints.com\/wp-content\/uploads\/2024\/09\/finalsimbolo2.png?resize=682%2C400&#038;ssl=1\" width=\"682\" height=\"400\" srcset=\"https:\/\/i0.wp.com\/www.fairydragonprints.com\/wp-content\/uploads\/2024\/09\/finalsimbolo2.png?w=682&amp;ssl=1 682w, https:\/\/i0.wp.com\/www.fairydragonprints.com\/wp-content\/uploads\/2024\/09\/finalsimbolo2.png?resize=300%2C176&amp;ssl=1 300w, https:\/\/i0.wp.com\/www.fairydragonprints.com\/wp-content\/uploads\/2024\/09\/finalsimbolo2.png?resize=600%2C352&amp;ssl=1 600w\" sizes=\"auto, (max-width: 682px) 100vw, 682px\" \/><\/span><\/figure><\/div>\n<\/div><\/div><\/div>\n<\/div><\/div>\n\n\n\n<div class=\"wp-block-stackable-columns stk-block-columns stk-block stk-7c178f9\" data-block-id=\"7c178f9\"><style>.stk-7c178f9 .stk--block-align-7c178f9{align-items:center !important;}.stk-7c178f9-column{--stk-column-gap:60px !important;row-gap:50px !important;}<\/style><div class=\"stk-row stk-inner-blocks stk--block-align-7c178f9 stk-block-content stk-content-align stk-7c178f9-column\">\n<div class=\"wp-block-stackable-column stk-block-column stk-column stk-block stk-d20aefe\" data-v=\"4\" data-block-id=\"d20aefe\"><div class=\"stk-column-wrapper stk-block-column__content stk-container stk-d20aefe-container stk--no-background stk--no-padding\"><div class=\"stk-block-content stk-inner-blocks stk-d20aefe-inner-blocks\">\n<div class=\"wp-block-stackable-text stk-block-text stk-block stk-fb6279a\" data-block-id=\"fb6279a\"><style>.stk-fb6279a {box-shadow:none !important;margin-bottom:50px !important;}.stk-fb6279a .stk-block-text__text{font-size:19px !important;font-family:\"Baskervville\", Sans-serif !important;}@media screen and (max-width:999px){.stk-fb6279a .stk-block-text__text{font-size:19px !important;}}<\/style><p class=\"stk-block-text__text has-text-align-center\">Fairy &amp; Dragon was born from a dream, an illusion and also from a need. The illusion of being able to give life to our favourite literary characters and to be able to travel to those fantastic worlds that we know through reading. A dream, that of being able to work in what I really love: creating art and making people happy with my illustrations. And a need, that of creating more and building less, following fewer instructions and letting the imagination decide\u2026 Welcome to the imagination of two dreamy souls. Will you help us give life to this illusion and make the dream come true?<\/p><\/div>\n<\/div><\/div><\/div>\n<\/div><\/div>\n\n\n\n<div class=\"wp-block-stackable-spacer stk-block-spacer stk--no-padding stk-block stk-9aedeb0 stk-block-background\" data-block-id=\"9aedeb0\"><style>.stk-9aedeb0 {height:1px !important;background-color:#000000 !important;}.stk-9aedeb0:before{background-color:#000000 !important;}<\/style><\/div>\n\n\n\n<div class=\"wp-block-stackable-spacer stk-block-spacer stk--no-padding stk-block stk-8c44335\" data-block-id=\"8c44335\"><style>.stk-8c44335 {height:100px !important;}<\/style><\/div>\n\n\n\n<div class=\"wp-block-stackable-columns stk-block-columns stk-block stk-849c6f6\" data-block-id=\"849c6f6\"><div class=\"stk-row stk-inner-blocks stk-block-content stk-content-align stk-849c6f6-column\">\n<div class=\"wp-block-stackable-column stk-block-column stk-column stk-block stk-6a916a5\" data-v=\"4\" data-block-id=\"6a916a5\"><div class=\"stk-column-wrapper stk-block-column__content stk-container stk-6a916a5-container stk--no-background stk--no-padding\"><div class=\"stk-block-content stk-inner-blocks stk-6a916a5-inner-blocks\">\n<div class=\"wp-block-stackable-card stk-block-card stk-block stk-9404c1e is-style-default\" data-v=\"2\" data-block-id=\"9404c1e\"><style>.stk-9404c1e-container{background-color:#202427 !important;}.stk-9404c1e-container:before{background-color:#202427 !important;}.stk-9404c1e .stk-block-card__image{height:500px !important;--stk-gradient-overlay:0 !important;}.stk-9404c1e .stk-block-card__image img{filter:brightness(0.8) contrast(1.3) sepia(0.22) !important;transform:scale(0.84) !important;object-position:66% 71% !important;}<\/style><div class=\"stk--no-padding stk-container stk-9404c1e-container stk-hover-parent\"><figure class=\"stk-block-card__image stk-img-wrapper stk-image--shape-stretch\"><img data-recalc-dims=\"1\" loading=\"lazy\" decoding=\"async\" class=\"stk-img wp-image-1358\" src=\"https:\/\/i0.wp.com\/www.fairydragonprints.com\/wp-content\/uploads\/2024\/09\/fotolalo1-copia.jpg?resize=1290%2C1290&#038;ssl=1\" width=\"1290\" height=\"1290\" srcset=\"https:\/\/i0.wp.com\/www.fairydragonprints.com\/wp-content\/uploads\/2024\/09\/fotolalo1-copia.jpg?w=2362&amp;ssl=1 2362w, https:\/\/i0.wp.com\/www.fairydragonprints.com\/wp-content\/uploads\/2024\/09\/fotolalo1-copia.jpg?resize=300%2C300&amp;ssl=1 300w, https:\/\/i0.wp.com\/www.fairydragonprints.com\/wp-content\/uploads\/2024\/09\/fotolalo1-copia.jpg?resize=1024%2C1024&amp;ssl=1 1024w, https:\/\/i0.wp.com\/www.fairydragonprints.com\/wp-content\/uploads\/2024\/09\/fotolalo1-copia.jpg?resize=150%2C150&amp;ssl=1 150w, https:\/\/i0.wp.com\/www.fairydragonprints.com\/wp-content\/uploads\/2024\/09\/fotolalo1-copia.jpg?resize=768%2C768&amp;ssl=1 768w, https:\/\/i0.wp.com\/www.fairydragonprints.com\/wp-content\/uploads\/2024\/09\/fotolalo1-copia.jpg?resize=1536%2C1536&amp;ssl=1 1536w, https:\/\/i0.wp.com\/www.fairydragonprints.com\/wp-content\/uploads\/2024\/09\/fotolalo1-copia.jpg?resize=2048%2C2048&amp;ssl=1 2048w, https:\/\/i0.wp.com\/www.fairydragonprints.com\/wp-content\/uploads\/2024\/09\/fotolalo1-copia.jpg?resize=600%2C600&amp;ssl=1 600w, https:\/\/i0.wp.com\/www.fairydragonprints.com\/wp-content\/uploads\/2024\/09\/fotolalo1-copia.jpg?resize=100%2C100&amp;ssl=1 100w\" sizes=\"auto, (max-width: 1290px) 100vw, 1290px\" \/><\/figure><div class=\"stk-container-padding stk-block-card__content\"><div class=\"stk-block-content stk-inner-blocks stk-9404c1e-inner-blocks\">\n<div class=\"wp-block-stackable-text stk-block-text stk-block stk-fbac081\" data-block-id=\"fbac081\"><style>.stk-fbac081 .stk-block-text__text{color:var(--theme-palette-color-1, #dadae3) !important;}<\/style><p class=\"stk-block-text__text has-text-color has-text-align-center\">Gonzalo is the artist, who is in charge of transforming letters into images, and blank sheets of paper into the incredible illustrations that we sell. He was born with a pencil in his hand.<\/p><\/div>\n<\/div><\/div><\/div><\/div>\n<\/div><\/div><\/div>\n\n\n\n<div class=\"wp-block-stackable-column stk-block-column stk-column stk-block stk-df13ddd\" data-v=\"4\" data-block-id=\"df13ddd\"><div class=\"stk-column-wrapper stk-block-column__content stk-container stk-df13ddd-container stk--no-background stk--no-padding\"><div class=\"stk-block-content stk-inner-blocks stk-df13ddd-inner-blocks\">\n<div class=\"wp-block-stackable-card stk-block-card stk-block stk-7cfbb78 is-style-default\" data-v=\"2\" data-block-id=\"7cfbb78\"><style>.stk-7cfbb78-container{background-color:#202427 !important;}.stk-7cfbb78-container:before{background-color:#202427 !important;}.stk-7cfbb78 .stk-block-card__image{height:500px !important;--stk-gradient-overlay:0 !important;}.stk-7cfbb78 .stk-block-card__image img{filter:brightness(1) contrast(1.1) sepia(0.2) !important;transform:scale(0.84) !important;object-position:60% 87% !important;}<\/style><div class=\"stk--no-padding stk-container stk-7cfbb78-container stk-hover-parent\"><figure class=\"stk-block-card__image stk-img-wrapper stk-image--shape-stretch\"><img data-recalc-dims=\"1\" loading=\"lazy\" decoding=\"async\" class=\"stk-img wp-image-1356\" src=\"https:\/\/i0.wp.com\/www.fairydragonprints.com\/wp-content\/uploads\/2024\/09\/fotonaiara3-copia.jpg?resize=1290%2C1290&#038;ssl=1\" width=\"1290\" height=\"1290\" srcset=\"https:\/\/i0.wp.com\/www.fairydragonprints.com\/wp-content\/uploads\/2024\/09\/fotonaiara3-copia.jpg?w=2362&amp;ssl=1 2362w, https:\/\/i0.wp.com\/www.fairydragonprints.com\/wp-content\/uploads\/2024\/09\/fotonaiara3-copia.jpg?resize=300%2C300&amp;ssl=1 300w, https:\/\/i0.wp.com\/www.fairydragonprints.com\/wp-content\/uploads\/2024\/09\/fotonaiara3-copia.jpg?resize=1024%2C1024&amp;ssl=1 1024w, https:\/\/i0.wp.com\/www.fairydragonprints.com\/wp-content\/uploads\/2024\/09\/fotonaiara3-copia.jpg?resize=150%2C150&amp;ssl=1 150w, https:\/\/i0.wp.com\/www.fairydragonprints.com\/wp-content\/uploads\/2024\/09\/fotonaiara3-copia.jpg?resize=768%2C768&amp;ssl=1 768w, https:\/\/i0.wp.com\/www.fairydragonprints.com\/wp-content\/uploads\/2024\/09\/fotonaiara3-copia.jpg?resize=1536%2C1536&amp;ssl=1 1536w, https:\/\/i0.wp.com\/www.fairydragonprints.com\/wp-content\/uploads\/2024\/09\/fotonaiara3-copia.jpg?resize=2048%2C2048&amp;ssl=1 2048w, https:\/\/i0.wp.com\/www.fairydragonprints.com\/wp-content\/uploads\/2024\/09\/fotonaiara3-copia.jpg?resize=600%2C600&amp;ssl=1 600w, https:\/\/i0.wp.com\/www.fairydragonprints.com\/wp-content\/uploads\/2024\/09\/fotonaiara3-copia.jpg?resize=100%2C100&amp;ssl=1 100w\" sizes=\"auto, (max-width: 1290px) 100vw, 1290px\" \/><\/figure><div class=\"stk-container-padding stk-block-card__content\"><div class=\"stk-block-content stk-inner-blocks stk-7cfbb78-inner-blocks\">\n<div class=\"wp-block-stackable-text stk-block-text stk-block stk-ebbd2f2\" data-block-id=\"ebbd2f2\"><style>.stk-ebbd2f2 .stk-block-text__text{color:var(--theme-palette-color-1, #dadae3) !important;}<\/style><p class=\"stk-block-text__text has-text-color has-text-align-center\">Naiara is the reader, the one with ideas, who allows herself to fantasize and get excited about each book. She is in charge of taking the photos as well as preparing and sending your packages.<\/p><\/div>\n<\/div><\/div><\/div><\/div>\n<\/div><\/div><\/div>\n<\/div><\/div>\n\n\n\n<div class=\"wp-block-stackable-spacer stk-block-spacer stk--no-padding stk-block stk-31c64c7\" data-block-id=\"31c64c7\"><style>.stk-31c64c7 {height:25px !important;}<\/style><\/div>\n\n\n\n<div class=\"wp-block-stackable-heading stk-block-heading stk-block-heading--v2 stk-block stk-39a6fd6\" id=\"leer-es-viajar-y-conocer-incontables-personas-que-se-ganan-un-lugar-en-tu-corazon\" data-block-id=\"39a6fd6\"><style>.stk-39a6fd6 {margin-bottom:0px !important;}.stk-39a6fd6 .stk-block-heading__text{font-size:28px !important;font-style:italic !important;font-family:\"IM Fell French Canon\", Sans-serif !important;}@media screen and (max-width:999px){.stk-39a6fd6 .stk-block-heading__text{font-size:28px !important;}}<\/style><h2 class=\"stk-block-heading__text has-text-align-center\"> \u00abReading is traveling and meeting countless people who earn a place in your heart<\/h2><\/div>\n\n\n\n<div class=\"wp-block-stackable-heading stk-block-heading stk-block-heading--v2 stk-block stk-8e0c956\" id=\"ilustrar-es-la-magia-de-convertir-esas-palabras-en-imagenes\" data-block-id=\"8e0c956\"><style>.stk-8e0c956 {margin-bottom:0px !important;}.stk-8e0c956 .stk-block-heading__text{font-size:28px !important;font-style:italic !important;font-family:\"IM Fell French Canon\", Sans-serif !important;}@media screen and (max-width:999px){.stk-8e0c956 .stk-block-heading__text{font-size:28px !important;}}<\/style><h2 class=\"stk-block-heading__text has-text-align-center\">Illustrating is the magic of turning those words into images\u2026\u00bb<\/h2><\/div>","protected":false},"excerpt":{"rendered":"<p>\u00abEl arte es el sue\u00f1o de dar vida a trav\u00e9s de los trazos&#8230;\u00bb Nuestra Historia Fairy &amp; Dragon nace de un sue\u00f1o, una ilusi\u00f3n y tambi\u00e9n de una necesidad. La ilusi\u00f3n de poder dar vida a nuestros personajes literarios preferidos y poder viajar a esos mundos fant\u00e1sticos que conocemos a trav\u00e9s de la lectura. Un [&hellip;]<\/p>\n","protected":false},"author":1,"featured_media":0,"parent":0,"menu_order":0,"comment_status":"closed","ping_status":"closed","template":"","meta":{"footnotes":""},"class_list":["post-1599","page","type-page","status-publish","hentry"],"blocksy_meta":[],"_links":{"self":[{"href":"https:\/\/www.fairydragonprints.com\/en\/wp-json\/wp\/v2\/pages\/1599","targetHints":{"allow":["GET"]}}],"collection":[{"href":"https:\/\/www.fairydragonprints.com\/en\/wp-json\/wp\/v2\/pages"}],"about":[{"href":"https:\/\/www.fairydragonprints.com\/en\/wp-json\/wp\/v2\/types\/page"}],"author":[{"embeddable":true,"href":"https:\/\/www.fairydragonprints.com\/en\/wp-json\/wp\/v2\/users\/1"}],"replies":[{"embeddable":true,"href":"https:\/\/www.fairydragonprints.com\/en\/wp-json\/wp\/v2\/comments?post=1599"}],"version-history":[{"count":0,"href":"https:\/\/www.fairydragonprints.com\/en\/wp-json\/wp\/v2\/pages\/1599\/revisions"}],"wp:attachment":[{"href":"https:\/\/www.fairydragonprints.com\/en\/wp-json\/wp\/v2\/media?parent=1599"}],"curies":[{"name":"wp","href":"https:\/\/api.w.org\/{rel}","templated":true}]}}